{"id":1710,"date":"2023-03-01T14:11:48","date_gmt":"2023-03-01T14:11:48","guid":{"rendered":"https:\/\/centroinnova.net\/tusoposiciones\/?page_id=1710"},"modified":"2023-03-01T14:11:51","modified_gmt":"2023-03-01T14:11:51","slug":"politica-de-cookies","status":"publish","type":"page","link":"https:\/\/centroinnova.net\/tusoposiciones\/politica-de-cookies\/","title":{"rendered":"Politica de cookies"},"content":{"rendered":"<p>[et_pb_section fb_built=\u00bb1&#8243; admin_label=\u00bbsection\u00bb _builder_version=\u00bb4.16&#8243; global_colors_info=\u00bb{}\u00bb theme_builder_area=\u00bbpost_content\u00bb da_is_popup=\u00bboff\u00bb da_exit_intent=\u00bboff\u00bb da_has_close=\u00bbon\u00bb da_alt_close=\u00bboff\u00bb da_dark_close=\u00bboff\u00bb da_not_modal=\u00bbon\u00bb da_is_singular=\u00bboff\u00bb da_with_loader=\u00bboff\u00bb da_has_shadow=\u00bbon\u00bb da_disable_devices=\u00bboff|off|off\u00bb][et_pb_row admin_label=\u00bbrow\u00bb _builder_version=\u00bb4.16&#8243; background_size=\u00bbinitial\u00bb background_position=\u00bbtop_left\u00bb background_repeat=\u00bbrepeat\u00bb global_colors_info=\u00bb{}\u00bb theme_builder_area=\u00bbpost_content\u00bb][et_pb_column type=\u00bb4_4&#8243; _builder_version=\u00bb4.16&#8243; custom_padding=\u00bb|||\u00bb global_colors_info=\u00bb{}\u00bb custom_padding__hover=\u00bb|||\u00bb theme_builder_area=\u00bbpost_content\u00bb][et_pb_text admin_label=\u00bbText\u00bb _builder_version=\u00bb4.16&#8243; background_size=\u00bbinitial\u00bb background_position=\u00bbtop_left\u00bb background_repeat=\u00bbrepeat\u00bb global_colors_info=\u00bb{}\u00bb theme_builder_area=\u00bbpost_content\u00bb]<\/p>\n<p><strong>\u00a0<\/strong><strong><u>POLITICA DE COOKIES<\/u><\/strong><\/p>\n<p><a href=\"http:\/\/www.centroinnova.net\">www.centroinnova.net<\/a><\/p>\n<p>INNOVA, titular del sitio web <a href=\"http:\/\/www.centroinnova.net\">www.centroinnova.net<\/a>, expone en esta secci\u00f3n su Pol\u00edtica de Cookies.<\/p>\n<p>La finalidad de las cookies es ofrecer al usuario una navegaci\u00f3n \u00f3ptima, as\u00ed como mejorar todos los servicios que se le ofrecen en funci\u00f3n de los usos que se le proporcione a los contenidos que se publican en la web. Adem\u00e1s, la funcionalidad de las cookies integradas en <a href=\"http:\/\/www.centroinnova.net\">www.centroinnova.net<\/a> efectuar un seguimiento sobre los servicios consultados y\/o revisar los accesos que se hagan por los usuarios a los diferentes apartados de la p\u00e1gina web.<\/p>\n<ol>\n<li><u> DEFINICI\u00d3N Y TIPOS DE COOKIES<\/u><\/li>\n<\/ol>\n<p>Una cookie es un peque\u00f1o fichero que se descarga y almacena en el equipo del usuario al acceder a determinadas p\u00e1ginas web, para almacenar y recuperar informaci\u00f3n sobre los h\u00e1bitos de navegaci\u00f3n de un usuario o que se realiza desde su equipo.<\/p>\n<p>Las cookies son fundamentales para el funcionamiento de Internet, al aportar beneficios durante la navegaci\u00f3n y para la prestaci\u00f3n de servicios interactivos. Asimismo, debe advertirse que las cookies no pueden da\u00f1ar su equipo y que, en contraprestaci\u00f3n, al estar activadas facilitan la identificaci\u00f3n y resoluci\u00f3n de errores.<\/p>\n<p>Existen diferentes tipos de cookies, que se podr\u00edan agrupar bajo la siguiente clasificaci\u00f3n:<\/p>\n<ol>\n<li><u> Seg\u00fan la entidad gestora:<\/u><\/li>\n<\/ol>\n<p>Seg\u00fan quien sea la entidad que gestione el equipo o dominio desde donde se env\u00edan las cookies y trate los datos que se obtengan, podemos distinguir:<\/p>\n<ul>\n<li><u>Cookies propias<\/u>: Son aquellas que se env\u00edan al equipo terminal del usuario desde un equipo o dominio gestionado por el propio editor y desde el que se presta el servicio solicitado por el usuario.<\/li>\n<li><u>Cookies de terceros<\/u>: Son aquellas que se env\u00edan al equipo terminal del usuario desde un equipo o dominio que no es gestionado por el editor, sino por otra entidad que trata los datos obtenidos trav\u00e9s de las cookies.<\/li>\n<\/ul>\n<p>En el caso de que las cookies sean instaladas desde un equipo o dominio gestionado por el propio editor pero la informaci\u00f3n que se recoja mediante \u00e9stas sea gestionada por un tercero, no pueden ser consideradas como cookies propias.<\/p>\n<ol start=\"2\">\n<li><u> Seg\u00fan su duraci\u00f3n activadas:<\/u><\/li>\n<\/ol>\n<p>Seg\u00fan el plazo de tiempo que permanecen activadas en el equipo terminal podemos distinguir:<\/p>\n<ul>\n<li><u>Cookies de sesi\u00f3n<\/u>: Son aquellas dise\u00f1adas para recabar y almacenar datos mientras el usuario accede a una p\u00e1gina web. Se suelen emplear para almacenar informaci\u00f3n que solo interesa conservar para la prestaci\u00f3n del servicio solicitado por el usuario en una sola ocasi\u00f3n.<\/li>\n<li><u>Cookies persistentes<\/u>: Son aquellas en las que los datos siguen almacenados en el terminal y pueden ser accedidos y tratados durante un periodo definido por el responsable de la cookie, y que puede ir de unos minutos a varios a\u00f1os.<\/li>\n<\/ul>\n<ol start=\"3\">\n<li><u> Seg\u00fan su finalidad:<\/u><\/li>\n<\/ol>\n<p>Seg\u00fan la finalidad para la que se traten los datos obtenidos a trav\u00e9s de las cookies, podemos distinguir entre:<\/p>\n<ul>\n<li><u>Cookies t\u00e9cnicas<\/u>: Son aqu\u00e9llas que permiten al usuario la navegaci\u00f3n a trav\u00e9s de una p\u00e1gina web, plataforma o aplicaci\u00f3n y la utilizaci\u00f3n de las diferentes opciones o servicios que en ella existan como, por ejemplo, controlar el tr\u00e1fico y la comunicaci\u00f3n de datos, identificar la sesi\u00f3n, acceder a partes de acceso restringido, recordar los elementos que integran un pedido, realizar el proceso de compra de un pedido, realizar la solicitud de inscripci\u00f3n o participaci\u00f3n en un evento, utilizar elementos de seguridad durante la navegaci\u00f3n, almacenar contenidos para la difusi\u00f3n de v\u00eddeos o sonido o compartir contenidos a trav\u00e9s de redes sociales.<\/li>\n<li><u>Cookies de personalizaci\u00f3n<\/u>: Son aqu\u00e9llas que permiten al usuario acceder al servicio con algunas caracter\u00edsticas de car\u00e1cter general predefinidas en funci\u00f3n de una serie de criterios en el terminal del usuario como por ejemplo serian el idioma, el tipo de navegador a trav\u00e9s del cual accede al servicio, la configuraci\u00f3n regional desde donde accede al servicio, etc.<\/li>\n<li><u>Cookies de an\u00e1lisis<\/u>: Son aqu\u00e9llas que permiten al responsable de las mismas, el seguimiento y an\u00e1lisis del comportamiento de los usuarios de los sitios web a los que est\u00e1n vinculadas. La informaci\u00f3n recogida mediante este tipo de cookies se utiliza en la medici\u00f3n de la actividad de los sitios web, aplicaci\u00f3n o plataforma y para la elaboraci\u00f3n de perfiles de navegaci\u00f3n de los usuarios de dichos sitios, aplicaciones y plataformas, con el fin de introducir mejoras en funci\u00f3n del an\u00e1lisis de los datos de uso que hacen los usuarios del servicio.<\/li>\n<li><u>Cookies publicitarias<\/u>: Son aqu\u00e9llas que permiten la gesti\u00f3n, de la forma m\u00e1s eficaz posible, de los espacios publicitarios que, en su caso, el editor haya incluido en la p\u00e1gina web, aplicaci\u00f3n o plataforma desde la que presta el servicio solicitado en base a criterios como el contenido editado o la frecuencia en la que se muestran los anuncios.<\/li>\n<li><u>Cookies de publicidad comportamental<\/u>: Son aqu\u00e9llas que permiten la gesti\u00f3n de los espacios publicitarios que, en su caso, el editor haya incluido en una p\u00e1gina web, aplicaci\u00f3n o plataforma desde la que presta el servicio solicitado. Estas cookies almacenan informaci\u00f3n de comportamiento de los usuarios obtenida a trav\u00e9s de la observaci\u00f3n de sus h\u00e1bitos de navegaci\u00f3n, lo que permite desarrollar un perfil espec\u00edfico para mostrar publicidad en funci\u00f3n del mismo.<\/li>\n<\/ul>\n<ol start=\"2\">\n<li><u> COOKIES USADAS EN <\/u><a href=\"http:\/\/www.centroinnova.net\">www.centroinnova.net<\/a>.<\/li>\n<\/ol>\n<p>Las cookies utilizadas en la p\u00e1gina Web <a href=\"http:\/\/www.centroinnova.net\">www.centroinnova.net<\/a> son las siguientes:<\/p>\n<p><u>Cookie de estado<\/u>: Una cookie para saber si has cerrado el aviso legal sobre cookies. Esta cookie tiene una duraci\u00f3n de 1 d\u00eda y el proveedor es <a href=\"http:\/\/www.centroinnova.net\">www.centroinnova.net<\/a>.<\/p>\n<p><u>Google Analytics<\/u>: son cookies de an\u00e1lisis y son aqu\u00e9llas que, bien tratadas por nosotros o por terceros, nos permiten cuantificar el n\u00famero de usuarios y as\u00ed realizar la medici\u00f3n y an\u00e1lisis estad\u00edstico de la utilizaci\u00f3n que hacen los usuarios del servicio ofertado. Para ello se analiza su navegaci\u00f3n en nuestra p\u00e1gina web con el fin de mejorar la oferta de productos o servicios que le ofrecemos. El proveedor es Google.<\/p>\n<p>Google Analytics es una herramienta gratuita que principalmente permite que los propietarios de sitios Web conozcan c\u00f3mo interact\u00faan los usuarios con su sitio web. Asimismo, habilita cookies en el dominio del sitio en el que se encuentra y utiliza un conjunto de cookies denominadas \u00ab__utma\u00bb y \u00ab__utmz\u00bb para recopilar informaci\u00f3n de forma an\u00f3nima y elaborar informes de tendencias de sitios web sin identificar a usuarios individuales.<\/p>\n<p>Para realizar las estad\u00edsticas de uso de esta Web utilizamos las cookies con la finalidad de conocer el n\u00famero de visitas de los destinatarios, as\u00ed como los contenidos que les resultan m\u00e1s atractivos e interesantes. De esta manera podemos concentrar nuestros esfuerzos en mejorar las \u00e1reas m\u00e1s visitadas y hacer que el usuario encuentre m\u00e1s f\u00e1cilmente lo que busca. En esta Web puede utilizarse la informaci\u00f3n de su visita para realizar evaluaciones y c\u00e1lculos estad\u00edsticos sobre datos an\u00f3nimos, as\u00ed como para garantizar la continuidad del servicio o para realizar mejoras en sus sitios Web. Para m\u00e1s detalles, consulte en el siguiente enlace la pol\u00edtica de privacidad [<a href=\"http:\/\/www.google.com\/intl\/es\/policies\/privacy\/\">http:\/\/www.google.com\/intl\/es\/policies\/privacy\/<\/a>].<\/p>\n<p><u>Cookies de sesi\u00f3n<\/u>: Son un tipo de cookies dise\u00f1adas para recabar y almacenar datos mientras el usuario accede a una p\u00e1gina web. El proveedor es <a href=\"http:\/\/www.centroinnova.net\">www.centroinnova.net<\/a>.<\/p>\n<p>Las cookies utilizadas en este sitio web tienen, en todo caso, car\u00e1cter temporal con la \u00fanica finalidad de hacer m\u00e1s eficaz su transmisi\u00f3n ulterior. En ning\u00fan caso se utilizar\u00e1n las cookies para recoger informaci\u00f3n de car\u00e1cter personal.<\/p>\n<p><u>Cookies publicitarias<\/u>: Estas cookies son utilizadas para mostrar anuncios relevantes para los usuarios. Adem\u00e1s, limitan el n\u00famero de veces que cada usuarios visualiza el anuncio y ayuda a INNOVA a medir la efectividad de sus campa\u00f1as publicitarias. Al navegar por la p\u00e1gina web, el usuario acepta que INNOVA descargue este tipo de cookies en su dispositivo y realice consultas cuando el usuario visite su web en el futuro.<\/p>\n<p>En concreto, las cookies utilizadas por INNOVA son las siguientes:<\/p>\n<table width=\"597\">\n<tbody>\n<tr>\n<td colspan=\"6\" width=\"597\">\n<p><strong>\u00a0<\/strong><\/p>\n<p><strong>Tabla de Cookies generadas por centroinnova.net<\/strong><\/p>\n<p><strong>\u00a0<\/strong><\/p>\n<\/td>\n<\/tr>\n<tr>\n<td><strong>Origen<\/strong><\/td>\n<td><strong>Web Autor<\/strong><\/td>\n<td><strong>Funci\u00f3n<\/strong><\/td>\n<td><strong>Propietario y Descripci\u00f3n<\/strong><\/td>\n<td><strong>Observaciones<\/strong><\/td>\n<td width=\"81\"><strong>Accesible<\/strong><\/td>\n<\/tr>\n<tr>\n<td colspan=\"6\" width=\"597\"><strong>\u00a0<\/strong><\/td>\n<\/tr>\n<tr>\n<td><strong>\u00a0<\/strong><\/td>\n<td>&nbsp;<\/td>\n<td><strong>\u00a0<\/strong><\/td>\n<td><strong>PROPIAS<\/strong><\/td>\n<td><strong>\u00a0<\/strong><\/td>\n<td width=\"81\"><strong>\u00a0<\/strong><\/td>\n<\/tr>\n<tr>\n<td rowspan=\"5\"><strong>WordPress<\/strong><\/td>\n<td>&nbsp;<\/td>\n<td rowspan=\"5\"><strong>Control<\/strong><\/td>\n<td rowspan=\"5\"><strong>Cookies para el funcionamiento de la navegaci\u00f3n<\/strong><\/td>\n<td rowspan=\"5\"><strong>Informaci\u00f3n ya descargada y no modificada para evitar descargas innecesarias<\/strong><\/td>\n<td rowspan=\"5\" width=\"81\"><strong>Seg\u00fan navegador<\/strong><\/td>\n<\/tr>\n<tr>\n<td>&nbsp;<\/td>\n<\/tr>\n<tr>\n<td><a href=\"http:\/\/wordpress.com\">WordPress.com<\/a><\/td>\n<\/tr>\n<tr>\n<td>&nbsp;<\/td>\n<\/tr>\n<tr>\n<td>WordPress.org<\/td>\n<\/tr>\n<tr>\n<td colspan=\"6\" width=\"597\"><strong>TERCEROS<\/strong><\/td>\n<\/tr>\n<tr>\n<td>&nbsp;<\/td>\n<td>&nbsp;<\/td>\n<td>&nbsp;<\/td>\n<td>&nbsp;<\/td>\n<td>&nbsp;<\/td>\n<td width=\"81\">\u00a0<\/td>\n<\/tr>\n<tr>\n<td><strong>FB<\/strong><\/td>\n<td>Facebook.com<\/td>\n<td>Anal\u00edtica<\/td>\n<td>\n<p>Cookie para conocer el perfil de usuarios y su comportamiento en la web<\/p>\n<p>&nbsp;<\/p>\n<\/td>\n<td>&nbsp;<\/td>\n<td width=\"81\">\u00a0<\/td>\n<\/tr>\n<tr>\n<td rowspan=\"7\"><strong>Google Analytics<\/strong><\/td>\n<td>&nbsp;<\/td>\n<td rowspan=\"7\">Anal\u00edtica<\/td>\n<td rowspan=\"7\">Cookie para conocer el perfil de usuarios y su comportamiento en la web<\/td>\n<td rowspan=\"7\">Cookie y datos de uso <a href=\"https:\/\/www.google.es\/intl\/es\/policies\/technologies\/cookies\/\">seg\u00fan pol\u00edtica de Google<\/a><\/td>\n<td rowspan=\"7\" width=\"81\">Seg\u00fan Navegador<\/td>\n<\/tr>\n<tr>\n<td>&nbsp;<\/td>\n<\/tr>\n<tr>\n<td>&nbsp;<\/td>\n<\/tr>\n<tr>\n<td>&nbsp;<\/td>\n<\/tr>\n<tr>\n<td>&nbsp;<\/td>\n<\/tr>\n<tr>\n<td>&nbsp;<\/td>\n<\/tr>\n<tr>\n<td>\n<p><a href=\"https:\/\/policies.google.com\/technologies\/cookies?hl=es\">Google.es<\/a><\/p>\n<p>Google.com<\/p>\n<p>Doubleclick.net<\/p>\n<\/td>\n<\/tr>\n<tr>\n<td rowspan=\"3\"><strong>Google Ads<\/strong><\/td>\n<td>&nbsp;<\/td>\n<td rowspan=\"3\">Publicitario<\/td>\n<td rowspan=\"3\">Cookie de publicidad y publicidad comportamental<\/td>\n<td rowspan=\"3\">Cookie y datos de uso <a href=\"https:\/\/www.google.es\/intl\/es\/policies\/technologies\/cookies\/\">seg\u00fan pol\u00edtica de Google<\/a><\/td>\n<td rowspan=\"3\" width=\"81\">Seg\u00fan Navegador<\/td>\n<\/tr>\n<tr>\n<td>Google.com<\/td>\n<\/tr>\n<tr>\n<td>&nbsp;<\/td>\n<\/tr>\n<\/tbody>\n<\/table>\n<p style=\"text-align: justify;\">\u00a0<\/p>\n<p style=\"text-align: justify;\">\u00a0<\/p>\n<ol style=\"text-align: justify;\" start=\"3\">\n<li>\u00a0<\/li>\n<\/ol>\n<ol start=\"3\">\n<li>REVOCACI\u00d3N Y ELIMINACI\u00d3N DE COOKIES<\/li>\n<\/ol>\n<p>Puedes permitir, bloquear o eliminar las cookies instaladas en tu ordenador mediante la configuraci\u00f3n de las opciones del navegador instalado en tu ordenador.<\/p>\n<ol start=\"4\">\n<li>CONFIGURACI\u00d3N DE COOKIES PARA LOS NAVEGADORES M\u00c1S POPULARES.<\/li>\n<\/ol>\n<p>A continuaci\u00f3n le indicamos c\u00f3mo acceder a una <em>cookie<\/em> determinada del navegador <strong>Chrome<\/strong>. Nota: estos pasos pueden variar en funci\u00f3n de la versi\u00f3n del navegador:<\/p>\n<ol>\n<li>Vaya a Configuraci\u00f3n o Preferencias mediante el men\u00fa Archivo o bien pinchando el icono de personalizaci\u00f3n que aparece arriba a la derecha.<\/li>\n<li>Ver\u00e1 diferentes secciones, pinche la opci\u00f3n Mostrar opciones avanzadas.<\/li>\n<li>Vaya a Privacidad, Configuraci\u00f3n de contenido.<\/li>\n<li>Seleccione Todas las cookies y los datos de sitios.<\/li>\n<li>Aparecer\u00e1 un listado con todas las cookies ordenadas por dominio. Para que le sea m\u00e1s f\u00e1cil encontrar las cookies de un determinado dominio introduzca parcial o totalmente la direcci\u00f3n en el campo Buscar cookies.<\/li>\n<li>Tras realizar este filtro aparecer\u00e1n en pantalla una o varias l\u00edneas con las cookies de la web solicitada. Ahora s\u00f3lo tiene que seleccionarla y pulsar la X para proceder a su eliminaci\u00f3n.<\/li>\n<\/ol>\n<p>Para acceder a la configuraci\u00f3n de cookies del navegador <strong>Internet Explorer<\/strong> siga estos pasos (pueden variar en funci\u00f3n de la versi\u00f3n del navegador):<\/p>\n<ol>\n<li>Vaya a Herramientas, Opciones de Internet<\/li>\n<li>Haga click en Privacidad.<\/li>\n<li>Mueva el deslizador hasta ajustar el nivel de privacidad que desee.<\/li>\n<\/ol>\n<p>Para acceder a la configuraci\u00f3n de cookies del navegador <strong>Firefox<\/strong> siga estos pasos (pueden variar en funci\u00f3n de la versi\u00f3n del navegador):<\/p>\n<ol>\n<li>Vaya a Opciones o Preferencias seg\u00fan su sistema operativo.<\/li>\n<li>Haga click en Privacidad.<\/li>\n<li>En Historial elija Usar una configuraci\u00f3n personalizada para el historial.<\/li>\n<li>Ahora ver\u00e1 la opci\u00f3n Aceptar cookies, puede activarla o desactivarla seg\u00fan sus preferencias.<\/li>\n<\/ol>\n<p>Para acceder a la configuraci\u00f3n de cookies del navegador <strong>Safari para OSX<\/strong> siga estos pasos (pueden variar en funci\u00f3n de la versi\u00f3n del navegador):<\/p>\n<ol>\n<li>Vaya a Preferencias, luego Privacidad.<\/li>\n<li>En este lugar ver\u00e1 la opci\u00f3n Bloquear cookies para que ajuste el tipo de bloqueo que desea realizar.<\/li>\n<\/ol>\n<p>Para acceder a la configuraci\u00f3n de cookies del navegador <strong>Safari para iOS<\/strong> siga estos pasos (pueden variar en funci\u00f3n de la versi\u00f3n del navegador):<\/p>\n<ol>\n<li>Vaya a Ajustes, luego Safari.<\/li>\n<li>Vaya a Privacidad y Seguridad, ver\u00e1 la opci\u00f3n Bloquear cookies para que ajuste el tipo de bloqueo que desea realizar.<\/li>\n<\/ol>\n<p>Para acceder a la configuraci\u00f3n de cookies del navegador para dispositivos <strong>Android<\/strong> siga estos pasos (pueden variar en funci\u00f3n de la versi\u00f3n del navegador):<\/p>\n<ol>\n<li>Ejecute el navegador y pulse la tecla Men\u00fa, luego Ajustes.<\/li>\n<li>Vaya a Seguridad y Privacidad, ver\u00e1 la opci\u00f3n Aceptar cookies para que active o desactive la casilla.<\/li>\n<\/ol>\n<p>Para acceder a la configuraci\u00f3n de cookies del navegador para dispositivos <strong>Windows Phone<\/strong> siga estos pasos (pueden variar en funci\u00f3n de la versi\u00f3n del navegador):<\/p>\n<ol>\n<li>Abra Internet Explorer, luego M\u00e1s, luego Configuraci\u00f3n<\/li>\n<li>Ahora puede activar o desactivar la casilla Permitir cookies.<\/li>\n<li>LA ACEPTACI\u00d3N DE LAS COOKIES EN ESTA P\u00c1GINA WEB.<\/li>\n<\/ol>\n<p>&nbsp;<\/p>\n<p>En relaci\u00f3n con las cookies, La <em>Ley 34\/2002, de 11 de julio, de la sociedad de la informaci\u00f3n y comercio electr\u00f3nico<\/em> (en adelante, LSSI) exige que los usuarios est\u00e9n informados con car\u00e1cter previo a la navegaci\u00f3n por cualquier p\u00e1gina web, sobre el tipo, uso y finalidad de las cookies utilizadas.<\/p>\n<p>Para cumplir la anterior normativa, INNOVA ha incluido un aviso informativo sobre cookies que se despliega cuando el usuario accede a la p\u00e1gina web, blog y\/o prestaci\u00f3n formativa inform\u00e1ndole con car\u00e1cter previo de la utilizaci\u00f3n de cookies.<\/p>\n<p>INNOVA le informa como usuario de nuestra p\u00e1gina web que, si omite la aceptaci\u00f3n del uso de las cookies en el aviso inicial y contin\u00faa navegando por la p\u00e1gina web, se presumir\u00e1 que existe un consentimiento t\u00e1cito de su parte para la utilizaci\u00f3n de las cookies descritas en el apartado anterior, cumpliendo con la normativa de la LSSI.<\/p>\n<p>INNOVA no se hace responsable del contenido y veracidad de las pol\u00edticas de privacidad de los terceros incluidas en esta Pol\u00edtica de cookies.<\/p>\n<p>Para cualquier consulta sobre esta Pol\u00edtica de cookies puede dirigirse a <a href=\"mailto:info@centroinnova.net\">info@centroinnova.net<\/a>.<\/p>\n<p>[\/et_pb_text][\/et_pb_column][\/et_pb_row][\/et_pb_section]<\/p>\n","protected":false},"excerpt":{"rendered":"<p>\u00a0POLITICA DE COOKIES www.centroinnova.net INNOVA, titular del sitio web www.centroinnova.net, expone en esta secci\u00f3n su Pol\u00edtica de Cookies. La finalidad de las cookies es ofrecer al usuario una navegaci\u00f3n \u00f3ptima, as\u00ed como mejorar todos los servicios que se le ofrecen en funci\u00f3n de los usos que se le proporcione a los contenidos que se publican [&hellip;]<\/p>\n","protected":false},"author":2,"featured_media":0,"parent":0,"menu_order":0,"comment_status":"closed","ping_status":"closed","template":"","meta":{"_et_pb_use_builder":"on","_et_pb_old_content":"","_et_gb_content_width":"","footnotes":""},"class_list":["post-1710","page","type-page","status-publish","hentry"],"aioseo_notices":[],"_links":{"self":[{"href":"https:\/\/centroinnova.net\/tusoposiciones\/wp-json\/wp\/v2\/pages\/1710","targetHints":{"allow":["GET"]}}],"collection":[{"href":"https:\/\/centroinnova.net\/tusoposiciones\/wp-json\/wp\/v2\/pages"}],"about":[{"href":"https:\/\/centroinnova.net\/tusoposiciones\/wp-json\/wp\/v2\/types\/page"}],"author":[{"embeddable":true,"href":"https:\/\/centroinnova.net\/tusoposiciones\/wp-json\/wp\/v2\/users\/2"}],"replies":[{"embeddable":true,"href":"https:\/\/centroinnova.net\/tusoposiciones\/wp-json\/wp\/v2\/comments?post=1710"}],"version-history":[{"count":0,"href":"https:\/\/centroinnova.net\/tusoposiciones\/wp-json\/wp\/v2\/pages\/1710\/revisions"}],"wp:attachment":[{"href":"https:\/\/centroinnova.net\/tusoposiciones\/wp-json\/wp\/v2\/media?parent=1710"}],"curies":[{"name":"wp","href":"https:\/\/api.w.org\/{rel}","templated":true}]}}