{"id":1703,"date":"2023-03-01T14:10:23","date_gmt":"2023-03-01T14:10:23","guid":{"rendered":"https:\/\/centroinnova.net\/tusoposiciones\/?page_id=1703"},"modified":"2023-03-01T14:10:23","modified_gmt":"2023-03-01T14:10:23","slug":"politica-de-privacidad","status":"publish","type":"page","link":"https:\/\/centroinnova.net\/tusoposiciones\/politica-de-privacidad\/","title":{"rendered":"Politica de privacidad"},"content":{"rendered":"<p>[et_pb_section fb_built=\u00bb1&#8243; admin_label=\u00bbsection\u00bb _builder_version=\u00bb4.16&#8243; global_colors_info=\u00bb{}\u00bb theme_builder_area=\u00bbpost_content\u00bb da_is_popup=\u00bboff\u00bb da_exit_intent=\u00bboff\u00bb da_has_close=\u00bbon\u00bb da_alt_close=\u00bboff\u00bb da_dark_close=\u00bboff\u00bb da_not_modal=\u00bbon\u00bb da_is_singular=\u00bboff\u00bb da_with_loader=\u00bboff\u00bb da_has_shadow=\u00bbon\u00bb da_disable_devices=\u00bboff|off|off\u00bb][et_pb_row admin_label=\u00bbrow\u00bb _builder_version=\u00bb4.16&#8243; background_size=\u00bbinitial\u00bb background_position=\u00bbtop_left\u00bb background_repeat=\u00bbrepeat\u00bb global_colors_info=\u00bb{}\u00bb theme_builder_area=\u00bbpost_content\u00bb][et_pb_column type=\u00bb4_4&#8243; _builder_version=\u00bb4.16&#8243; custom_padding=\u00bb|||\u00bb global_colors_info=\u00bb{}\u00bb custom_padding__hover=\u00bb|||\u00bb theme_builder_area=\u00bbpost_content\u00bb][et_pb_text admin_label=\u00bbText\u00bb _builder_version=\u00bb4.16&#8243; background_size=\u00bbinitial\u00bb background_position=\u00bbtop_left\u00bb background_repeat=\u00bbrepeat\u00bb global_colors_info=\u00bb{}\u00bb theme_builder_area=\u00bbpost_content\u00bb]<\/p>\n<p>NUESTRA POL\u00cdTICA DE PRIVACIDAD<\/p>\n<p>Nuestra Pol\u00edtica de Privacidad no s\u00f3lo te explica la forma en la que tratamos tus datos personales sino tambi\u00e9n te informa de todos los derechos que te asisten, como consecuencia de la entrada en vigor del Reglamento (UE) 2016\/679, del Parlamento Europeo y del Consejo, de 27 de abril de 2016, relativo a las personas f\u00edsicas en lo que respecta al tratamiento de datos personales y a la libre circulaci\u00f3n de estos datos (en adelante, RGPD) y lo establecido en la normativa espa\u00f1ola vigente en esta materia.<\/p>\n<p>1. \u00bfQui\u00e9n es el responsable del tratamiento?<\/p>\n<p>CENTROS DE PREPARACI\u00d3N INNOVA, S.L., (en adelante, INNOVA) con CIF B87545505 inscrita en el Registro Mercantil de\u00a0 Madrid, Tomo 34.687, Folio 21, Secci\u00f3n 8, Hoja M-623941, Inscripci\u00f3n 1.<\/p>\n<p>Direcci\u00f3n Postal: Calle Aviador Zorita 4. CP 28020. Madrid<\/p>\n<p>Tel\u00e9fono de contacto: 911926977 y 674251773.<\/p>\n<p>Correo electr\u00f3nico: info@centroinnova.net<\/p>\n<p>Contacto Delegado Protecci\u00f3n de Datos: dpd@centroinnova.net<\/p>\n<p>2. \u00bfQu\u00e9 es el Delegado de Protecci\u00f3n de Datos (\u201cDPD\u201d) y c\u00f3mo puedo contactar?<\/p>\n<p>INNOVA como garant\u00eda de su buena pr\u00e1ctica empresarial y comprometida en la protecci\u00f3n de datos de sus alumnos\/usuarios cuenta con un DPD, encargado de garantizar la correcta aplicaci\u00f3n de su pol\u00edtica de protecci\u00f3n de datos. Cualquier consulta o petici\u00f3n que puedas tener podr\u00e1s contactar con el DPD a trav\u00e9s del correo electr\u00f3nico dpd@centroinnova.net<\/p>\n<p>3. \u00bfQu\u00e9 datos personales tratamos?<\/p>\n<p>INNOVA ha recabado tus datos en las siguientes ocasiones:<\/p>\n<p>(i)\u00a0\u00a0\u00a0\u00a0\u00a0\u00a0\u00a0\u00a0\u00a0\u00a0\u00a0 Cumplimentando formularios para obtener informaci\u00f3n sobre nuestra oferta formativa.<\/p>\n<p>(ii)\u00a0\u00a0\u00a0\u00a0\u00a0\u00a0\u00a0\u00a0\u00a0 Cumplimentando formularios para formalizar una relaci\u00f3n contractual con nosotros consistente en la matriculaci\u00f3n en un curso de nuestra oferta formativa.<\/p>\n<p>(iii)\u00a0\u00a0\u00a0\u00a0\u00a0\u00a0\u00a0\u00a0 Cumplimentando otros formularios que pudi\u00e9ramos poner a tu disposici\u00f3n.<\/p>\n<p>&nbsp;<\/p>\n<p>4. \u00bfPara qu\u00e9 usamos tus datos?<\/p>\n<p>En INNOVA tratamos tus datos personales con el m\u00e1ximo respeto, transparencia y con la informaci\u00f3n adecuada y pertinente para las siguientes finalidades:<\/p>\n<p>i.\u00a0\u00a0\u00a0\u00a0\u00a0\u00a0\u00a0\u00a0\u00a0\u00a0\u00a0\u00a0\u00a0 Cumplir con las obligaciones contractuales asumidas contigo:<\/p>\n<p>\u00a0\u00a0\u00a0\u00a0\u00a0\u00a0\u00a0\u00a0 a)\u00a0\u00a0 Contactarte ante cualquier incidencia, como consecuencia de la contrataci\u00f3n de alguno de nuestros cursos, a trav\u00e9s de Atenci\u00f3n al Cliente.<\/p>\n<p>\u00a0\u00a0\u00a0\u00a0\u00a0\u00a0\u00a0\u00a0 b)\u00a0\u00a0 Medir tu satisfacci\u00f3n.<\/p>\n<p>\u00a0\u00a0\u00a0\u00a0\u00a0\u00a0\u00a0\u00a0 c)\u00a0\u00a0 Informarte sobre los nuevos cursos de la oferta formativa.<\/p>\n<p>&nbsp;<\/p>\n<p>\u00a0ii.\u00a0\u00a0\u00a0\u00a0\u00a0\u00a0\u00a0\u00a0\u00a0 Cumplir con las obligaciones previstas en la legislaci\u00f3n aplicable.<\/p>\n<p>&nbsp;<\/p>\n<p>iii.\u00a0\u00a0\u00a0\u00a0\u00a0\u00a0\u00a0\u00a0\u00a0 Llevar a cabo iniciativas promocionales, publicitarias o de servicios propios de INNOVA:<\/p>\n<p>&nbsp;<\/p>\n<p>\u00a0\u00a0\u00a0\u00a0\u00a0\u00a0\u00a0\u00a0 a.\u00a0\u00a0 Si no formalizas ninguna relaci\u00f3n contractual directamente, conservaremos tus datos previamente facilitados por ti, siempre que nos hayas proporcionado tu consentimiento expl\u00edcito para ello, por ejemplo, altas en Newsletters, para informarte de nuestras nuevas ofertas formativas.<\/p>\n<p>\u00a0\u00a0\u00a0\u00a0\u00a0\u00a0\u00a0\u00a0 b.\u00a0\u00a0 Administrar tu participaci\u00f3n encuestas de satisfacci\u00f3n de nuestros servicios, siempre que nos otorgues tu consentimiento previamente.<\/p>\n<p>\u00a0\u00a0\u00a0\u00a0\u00a0\u00a0\u00a0\u00a0 c.\u00a0\u00a0\u00a0 Informarte de ofertas y promociones.<\/p>\n<p>\u00a0\u00a0\u00a0\u00a0\u00a0\u00a0\u00a0\u00a0 d.\u00a0\u00a0 Contactarte ante cualquier incidencia a trav\u00e9s de Atenci\u00f3n al Cliente.<\/p>\n<p>\u00a0\u00a0\u00a0\u00a0\u00a0\u00a0\u00a0\u00a0 e.\u00a0\u00a0 Informarte de la disponibilidad de un curso sobre el que previamente nos hayas solicitado informaci\u00f3n. y\/o reservado.<\/p>\n<p>\u00a0\u00a0\u00a0\u00a0\u00a0\u00a0\u00a0\u00a0\u00a0\u00a0 f.\u00a0\u00a0 Medir tu satisfacci\u00f3n.<\/p>\n<p>&nbsp;<\/p>\n<p>iv.\u00a0\u00a0\u00a0\u00a0\u00a0\u00a0 Mantenimiento de listas de supresi\u00f3n actualizadas para evitar ser contactado si lo solicitas.<\/p>\n<p>v.\u00a0\u00a0\u00a0\u00a0\u00a0\u00a0 Inserci\u00f3n de publicidad basada en el comportamiento (siempre que nos otorgues de antemano tu consentimiento expl\u00edcito):<\/p>\n<p>\u00a0\u00a0\u00a0\u00a0 a.\u00a0\u00a0 Mostrarte anuncios y contenido en las plataformas de redes sociales.<\/p>\n<p>\u00a0\u00a0\u00a0\u00a0 b.\u00a0\u00a0 Enviarte recomendaciones, marketing o contenido en funci\u00f3n de tu perfil e intereses.<\/p>\n<p>&nbsp;<\/p>\n<p>vi.\u00a0\u00a0\u00a0\u00a0\u00a0\u00a0 Realizaci\u00f3n de estad\u00edsticas (siempre que nos otorgues de antemano tu consentimiento expl\u00edcito), que incluye:<\/p>\n<p>\u00a0\u00a0\u00a0\u00a0\u00a0\u00a0\u00a0\u00a0 a.\u00a0\u00a0 Elaboraci\u00f3n de informes y estad\u00edsticas.<\/p>\n<p>\u00a0\u00a0\u00a0\u00a0\u00a0\u00a0\u00a0\u00a0 b.\u00a0\u00a0 Conocer el impacto de nuestras campa\u00f1as en los usuarios.<\/p>\n<p>\u00a0\u00a0\u00a0\u00a0\u00a0\u00a0\u00a0\u00a0 c.\u00a0\u00a0\u00a0 Mejorar nuestra experiencia con el usuario.<\/p>\n<p>\u00a0\u00a0\u00a0\u00a0\u00a0\u00a0\u00a0\u00a0 d.\u00a0\u00a0 Mejorar nuestra oferta formativa atendiendo a tus sugerencias.<\/p>\n<p>\u00a0\u00a0\u00a0\u00a0\u00a0\u00a0\u00a0\u00a0 e.\u00a0\u00a0 Conocer como encontr\u00f3 nuestros sitios web\/app.<\/p>\n<p>&nbsp;<\/p>\n<p>5. \u00bfCu\u00e1l es la legitimaci\u00f3n para el tratamiento de tus datos?<\/p>\n<p>Nuestra legitimaci\u00f3n para el tratamiento de tus datos se fundamenta en el hecho de que nos has facilitado tus datos (i) al cumplimentar nuestro formulario para obtener informaci\u00f3n sobre nuestra oferta formativa; (ii) al cumplimentar formularios para formalizar una relaci\u00f3n contractual con nosotros consistente en la matriculaci\u00f3n en un curso de nuestra oferta formativa; (iii) al cumplimentar otros formularios que pudi\u00e9ramos poner a tu disposici\u00f3n. A partir de ese momento, se ha iniciado una relaci\u00f3n precontractual, cuasi contractual, contractual y\/o cuasicontractual, al ceder tus datos para formar parte de nuestras Bases de Datos.<\/p>\n<p>El env\u00edo de comunicaciones informativas y comerciales est\u00e1 basado no solo en nuestro inter\u00e9s leg\u00edtimo consistente en la posibilidad de promocionar nuestros servicios formativos entre nuestros clientes, sino en el consentimiento expl\u00edcito, a trav\u00e9s de los formularios que \u2013en su d\u00eda- has cumplimentado (i) bien para formalizar una matr\u00edcula para realizar un curso de INNOVA, (ii) bien para solicitar informaci\u00f3n sobre nuestra oferta formativa, (iii) bien para inscribirte en alguna de nuestras promociones.<\/p>\n<p>Si no deseas recibir nuestras comunicaciones, puedes oponerte en cualquier momento a trav\u00e9s de dpd@centroinnova.net o a trav\u00e9s del procedimiento de baja autom\u00e1tica habilitado en nuestras comunicaciones electr\u00f3nicas.<\/p>\n<p>Nos basamos, igualmente, en nuestro inter\u00e9s leg\u00edtimo para la realizaci\u00f3n de estad\u00edsticas que nos ayuden a comprender mejor tus necesidades y mejorar tu experiencia con INNOVA. Deseamos mejorar, de esta forma, nuestros servicios, sitio web\/app. Adem\u00e1s, estamos interesados leg\u00edtimamente en el correcto funcionamiento de nuestro sitio web\/app a trav\u00e9s de cookies t\u00e9cnicas y funcionales, as\u00ed como en el mantenimiento de nuestras herramientas seguras, para garantizar su buen funcionamiento y hacerte una navegaci\u00f3n mucho m\u00e1s pr\u00e1ctica y eficaz.<\/p>\n<p>&nbsp;<\/p>\n<p>6. \u00bfCu\u00e1les son tus derechos cuando nos comunicas tus datos?<\/p>\n<p>Como usuario nuestros servicios y titular de tus datos podr\u00e1s ejercitar en cualquier momento los siguientes derechos:<\/p>\n<p>\u00b7\u00a0\u00a0\u00a0\u00a0\u00a0 Derecho de acceso a tus datos personales para saber conocer su tratamiento.<\/p>\n<p>\u00b7\u00a0\u00a0\u00a0\u00a0\u00a0 Derecho de rectificaci\u00f3n para que puedas modificar en cualquier momento actualizar o modificar un dato personal.<\/p>\n<p>\u00b7\u00a0\u00a0\u00a0\u00a0\u00a0 Derecho de supresi\u00f3n de tus datos personales, cuando ya no sean necesarios para los fines que fueron recogidos.<\/p>\n<p>\u00b7\u00a0\u00a0\u00a0\u00a0\u00a0 Derecho de oposici\u00f3n, es decir, solicitar que no se traten tus datos de car\u00e1cter personal.<\/p>\n<p>\u00b7\u00a0\u00a0\u00a0\u00a0\u00a0 Derecho a retirar tu consentimiento en cualquier momento y sin justificar la causa de la revocaci\u00f3n.<\/p>\n<p>\u00b7\u00a0\u00a0\u00a0\u00a0\u00a0 Derecho a solicitar la limitaci\u00f3n del tratamiento de tus datos personales:<\/p>\n<p>o\u00a0\u00a0 En el caso de que se est\u00e9 comprobando la exactitud de los mismos.<\/p>\n<p>o\u00a0\u00a0 En el caso de un tratamiento il\u00edcito, lo que determinar\u00eda el borrado de tus datos, pero no has ejercido tu derecho de oposici\u00f3n.\u00a0<\/p>\n<p>o\u00a0\u00a0 En el caso de que INNOVA no requiera del tratamiento de tus datos, pero los necesites para la defensa de reclamaciones.\u00a0<\/p>\n<p>o\u00a0\u00a0 En el caso de que te hayas opuesto al tratamiento de tus datos para el cumplimiento de una misi\u00f3n de inter\u00e9s p\u00fablico o la satisfacci\u00f3n de un inter\u00e9s leg\u00edtimo, mientras se verifica si la causa leg\u00edtima para el tratamiento prevalece o no sobre tu situaci\u00f3n personal.<\/p>\n<p>\u00b7\u00a0\u00a0\u00a0\u00a0 Derecho de portabilidad, de tal forma que podr\u00e1s recibir los datos personales que nos hayas facilitado, siempre que sea posible, en un formato estructurado, de uso com\u00fan y lectura mec\u00e1nica, y a transmitirlos a otro responsable del tratamiento. Para ejercitar estos derechos, podr\u00e1s ponerte en contacto con nosotros a trav\u00e9s del siguiente correo electr\u00f3nico dpd@centroinnova.net, indicando en tu solicitud tu nombre completo y el derecho que ejercitas, acompa\u00f1ado de una copia de tu DNI o documento equivalente acreditativo de tu identidad.\u00a0<\/p>\n<p>\u00b7\u00a0\u00a0\u00a0\u00a0 Derecho a presentar reclamaci\u00f3n ante la Agencia Espa\u00f1ola de Protecci\u00f3n de Datos. Aun as\u00ed, no dudes en ponerte en contacto previamente con nuestro DPD\u00a0antes de presentar una reclamaci\u00f3n ante la autoridad competente y as\u00ed aclarar cualquier incidencia que se haya podido producir. Disponemos de medidas organizativas y t\u00e9cnicas para proteger tus datos de car\u00e1cter personal de toda p\u00e9rdida, mal uso, acceso o divulgaci\u00f3n no autorizados, alteraci\u00f3n y\/o destrucci\u00f3n. Lamentablemente, no es posible garantizar totalmente la seguridad de ning\u00fan sistema de transmisi\u00f3n o almacenamiento de datos. Si sospechas que tu interacci\u00f3n con nosotros ya no es segura, avisa de inmediato a nuestro DPD a trav\u00e9s de\u00a0dpd@centroinnova.net.<\/p>\n<p>&nbsp;<\/p>\n<p>7. \u00bfC\u00f3mo usamos las redes sociales?<\/p>\n<p>Debemos informarte de que tambi\u00e9n recogemos datos para mejorar tu experiencia en algunas redes sociales.<\/p>\n<p>Si tienes cuenta en redes sociales como Facebook o Google es posible que recibas publicidad de INNOVA si has visitado recientemente nuestra web.<\/p>\n<p>Este proceso de marketing es totalmente an\u00f3nimo y se realiza gracias a las cookies de redes sociales donde configuramos campa\u00f1as en las que establecemos que los destinatarios sean los visitantes de nuestra p\u00e1gina web. La configuraci\u00f3n de estas campa\u00f1as ocurre de forma an\u00f3nima y colectiva, y los datos e informes que puede generar Facebook al respecto no muestran informaci\u00f3n individual sino colectiva. Ten en cuenta que nuestros perfiles como usuarios de redes sociales y los posibles anuncios que te aparezcan en las mismas, se regir\u00e1n por la pol\u00edtica de privacidad del sitio web de las redes sociales que usamos. Puedes editar o eliminar los permisos que hayas otorgado a INNOVA en tus cuentas en redes sociales utilizando la opci\u00f3n de configuraci\u00f3n de privacidad en las cuentas de las redes sociales que utilices. Por ejemplo, puedes cambiar la configuraci\u00f3n sobre el tipo de publicidad que ves en Facebook en este enlace: https:\/\/www.facebook.com\/ads\/preferences<\/p>\n<p>8. \u00bfCu\u00e1nto tiempo conservaremos tus datos?<\/p>\n<p>Conservaremos tus datos personales durante el tiempo necesario para las finalidades se\u00f1aladas.<\/p>\n<p>En los casos que no hayas ejercido tu derecho a la cancelaci\u00f3n, conservaremos tus datos durante CINCO A\u00d1OS, desde tu \u00faltima interacci\u00f3n o manifestaci\u00f3n de inter\u00e9s en INNOVA o en la disponibilidad de nuestros servicios.\u00a0<\/p>\n<p>Finalizados estos plazos mantendremos tus datos bloqueados (\u00fanicamente a disposici\u00f3n de jueces, Tribunales, Ministerio Fiscal y\/o Administraciones P\u00fablicas competentes o la gesti\u00f3n de un cr\u00e9dito o deuda) durante los plazos de prescripci\u00f3n legal que fuesen aplicables. Transcurridos los plazos se\u00f1alados, procederemos a la supresi\u00f3n de tus datos.<\/p>\n<p>9. \u00bfQui\u00e9n m\u00e1s podr\u00e1 acceder a tus datos?<\/p>\n<p>Nosotros no comercializamos ni ofrecemos a cambio de otras prestaciones tus datos personales a otras empresas.<\/p>\n<p>INNOVA no transfiere datos personales fuera del EEE.<\/p>\n<p>Los prestadores de servicios de la sociedad de la informaci\u00f3n ubicados fuera del EEE tales como Facebook, Inc o Google, LLC podr\u00e1n acceder a tus datos de car\u00e1cter personal de manera codificada. Estos prestadores de servicios se encuentran acogidos al \u201cPrivacy Shield\u201d o escudo de privacidad y, por tanto, se encuentran obligados a proteger tus datos personales con arreglo a una serie de normas de protecci\u00f3n y salvaguardas bien definidas por la Uni\u00f3n Europea.<\/p>\n<p>Si desea obtener una copia de las garant\u00edas adecuadas para realizar transferencias internacionales, cont\u00e1ctanos a trav\u00e9s de:<br \/>\ninfo@centroinnova.net<\/p>\n<p>10. \u00bfLa presente pol\u00edtica afecta a los servicios de terceros?<\/p>\n<p>INNOVA no es responsable de las pr\u00e1cticas de privacidad de terceros a los que se enlace desde nuestra web\/app. La inclusi\u00f3n de un enlace de un tercero en nuestra web\/app no implica que avalemos su sitio web, su pol\u00edtica de privacidad, su tratamiento de datos de car\u00e1cter personal o servicio enlazado.<\/p>\n<p>11. \u00bfQu\u00e9 son las cookies y cu\u00e1les son sus finalidades?<\/p>\n<p>Debes saber que las cookies son peque\u00f1os ficheros de datos que tambi\u00e9n recopilan datos.<\/p>\n<p>Nuestras cookies anal\u00edticas sirven para obtener informaci\u00f3n sobre el uso de la misma, el tipo de dispositivo utilizado, las p\u00e1ginas m\u00e1s vistas o ciudad de procedencia de la sesi\u00f3n. \u00a0A trav\u00e9s de google analytics se procesa la informaci\u00f3n y nos permite obtener datos y patrones de forma general sobre tu comportamiento. El uso de estas cookies no nos permite hacer un rastreo a nivel individual.\u00a0<\/p>\n<p>Tambi\u00e9n utilizamos cookies para obtener informaci\u00f3n estad\u00edstica sobre la publicidad de terceros como Google o Facebook son efectivas en nuestra p\u00e1gina web.\u00a0<\/p>\n<p>Por \u00faltimo, usamos cookies para hacer retargeting, es decir, como una t\u00e9cnica de marketing digital para aquellos de vosotros que, previamente, os hab\u00e9is interesado por nuestros cursos formativos o hab\u00e9is interactuado con nuestras plataformas digitales.<\/p>\n<p>La informaci\u00f3n recogida por las cookies siempre es an\u00f3nima y la tratamos de forma colectiva y a nivel estad\u00edstico, no recogemos nunca datos individuales personales a trav\u00e9s de las cookies por visitar nuestra p\u00e1gina web. Para conocer m\u00e1s informaci\u00f3n visite nuestra <a href=\"http:\/\/www.centroinnova.net\/politica-de-cookies\/\">Pol\u00edtica de Cookies<\/a>.<\/p>\n<p>[\/et_pb_text][\/et_pb_column][\/et_pb_row][\/et_pb_section]<\/p>\n","protected":false},"excerpt":{"rendered":"<p>NUESTRA POL\u00cdTICA DE PRIVACIDAD Nuestra Pol\u00edtica de Privacidad no s\u00f3lo te explica la forma en la que tratamos tus datos personales sino tambi\u00e9n te informa de todos los derechos que te asisten, como consecuencia de la entrada en vigor del Reglamento (UE) 2016\/679, del Parlamento Europeo y del Consejo, de 27 de abril de 2016, [&hellip;]<\/p>\n","protected":false},"author":2,"featured_media":0,"parent":0,"menu_order":0,"comment_status":"closed","ping_status":"closed","template":"","meta":{"_et_pb_use_builder":"on","_et_pb_old_content":"","_et_gb_content_width":"","footnotes":""},"class_list":["post-1703","page","type-page","status-publish","hentry"],"aioseo_notices":[],"_links":{"self":[{"href":"https:\/\/centroinnova.net\/tusoposiciones\/wp-json\/wp\/v2\/pages\/1703","targetHints":{"allow":["GET"]}}],"collection":[{"href":"https:\/\/centroinnova.net\/tusoposiciones\/wp-json\/wp\/v2\/pages"}],"about":[{"href":"https:\/\/centroinnova.net\/tusoposiciones\/wp-json\/wp\/v2\/types\/page"}],"author":[{"embeddable":true,"href":"https:\/\/centroinnova.net\/tusoposiciones\/wp-json\/wp\/v2\/users\/2"}],"replies":[{"embeddable":true,"href":"https:\/\/centroinnova.net\/tusoposiciones\/wp-json\/wp\/v2\/comments?post=1703"}],"version-history":[{"count":0,"href":"https:\/\/centroinnova.net\/tusoposiciones\/wp-json\/wp\/v2\/pages\/1703\/revisions"}],"wp:attachment":[{"href":"https:\/\/centroinnova.net\/tusoposiciones\/wp-json\/wp\/v2\/media?parent=1703"}],"curies":[{"name":"wp","href":"https:\/\/api.w.org\/{rel}","templated":true}]}}